{"id":1369,"date":"2022-07-01T21:34:34","date_gmt":"2022-07-01T19:34:34","guid":{"rendered":"https:\/\/valerieedern.com\/?page_id=1369"},"modified":"2024-10-26T11:59:14","modified_gmt":"2024-10-26T09:59:14","slug":"nelchla","status":"publish","type":"page","link":"https:\/\/valerieedern.com\/index.php\/nelchla\/","title":{"rendered":"NELC&#8217;HLA"},"content":{"rendered":"<p>[et_pb_section fb_built=&#8221;1&#8243; _builder_version=&#8221;4.17.4&#8243; _module_preset=&#8221;default&#8221; global_colors_info=&#8221;{}&#8221;][et_pb_row _builder_version=&#8221;4.27.2&#8243; _module_preset=&#8221;default&#8221; custom_margin=&#8221;20px||0px||false|false&#8221; custom_padding=&#8221;0px||0px||false|false&#8221; hover_enabled=&#8221;0&#8243; global_colors_info=&#8221;{}&#8221; sticky_enabled=&#8221;0&#8243;][et_pb_column type=&#8221;4_4&#8243; _builder_version=&#8221;4.17.4&#8243; _module_preset=&#8221;default&#8221; global_colors_info=&#8221;{}&#8221;][et_pb_post_title meta=&#8221;off&#8221; featured_image=&#8221;off&#8221; _builder_version=&#8221;4.27.2&#8243; _module_preset=&#8221;default&#8221; global_colors_info=&#8221;{}&#8221;][\/et_pb_post_title][et_pb_image src=&#8221;https:\/\/valerieedern.com\/wp-content\/uploads\/2024\/10\/nelchla.jpg&#8221; title_text=&#8221;nelchla&#8221; _builder_version=&#8221;4.27.2&#8243; _module_preset=&#8221;default&#8221; global_colors_info=&#8221;{}&#8221;][\/et_pb_image][\/et_pb_column][\/et_pb_row][\/et_pb_section][et_pb_section fb_built=&#8221;1&#8243; _builder_version=&#8221;4.18.0&#8243; _module_preset=&#8221;default&#8221; global_colors_info=&#8221;{}&#8221;][et_pb_row _builder_version=&#8221;4.18.0&#8243; _module_preset=&#8221;default&#8221; global_colors_info=&#8221;{}&#8221;][et_pb_column type=&#8221;4_4&#8243; _builder_version=&#8221;4.18.0&#8243; _module_preset=&#8221;default&#8221; global_colors_info=&#8221;{}&#8221;][et_pb_text _builder_version=&#8221;4.18.0&#8243; _module_preset=&#8221;default&#8221; global_colors_info=&#8221;{}&#8221;]Sensibilis\u00e9e \u00e0 la d\u00e9tresse hydrique de la vall\u00e9e du Draa au Maroc, j\u2019ai d\u00e9cid\u00e9 d\u2019installer en ce d\u00e9but d\u2019ann\u00e9e 2022 un atelier \u00e9ph\u00e9m\u00e8re dans la palmeraie d\u2019Amezrou.<br \/>\nMon objectif a \u00e9t\u00e9 de saisir l\u2019esprit du lieu d\u2019une mani\u00e8re sensible et po\u00e9tique \u00e0 travers la mati\u00e8re v\u00e9cue par une immersion de longue dur\u00e9e au milieu des \u00e9l\u00e9ments naturels et du quotidien des habitants.<br \/>\nLors de cette immersion, j\u2019ai d\u00e9couvert la n\u00e9cessit\u00e9 du palmier dattier dans cette r\u00e9gion. Cet arbre est l\u2019\u00e9l\u00e9ment nourricier principal de ce lieu. Gr\u00e2ce \u00e0 lui, les habitants se chauffent, se nourrissent et se logent gr\u00e2ce \u00e0 son bois et ses fruits. Il est l\u2019\u00e9l\u00e9ment incontournable de la survie des habitants de ce territoire. A partir de cette observation, j\u2019ai cr\u00e9\u00e9 la sculpture Nelc\u2019hla avec les \u00e9l\u00e9ments du palmier dattier (\u00e9corce, branches &#8230;). J\u2019ai transform\u00e9 la forme du v\u00e9g\u00e9tal en forme animal afin de symboliser l\u2019\u00e9l\u00e9ment nourricier de la r\u00e9gion et valoriser l\u2019interd\u00e9pendance entre l\u2019homme et son territoire.<br \/>\nPour sensibiliser sur les enjeux environnementaux du lieu en cette sombre p\u00e9riode \u00e9cologique, j\u2019ai d\u00e9cid\u00e9 de faire venir Nelc\u2019hla en France tel un migrant climatique avec l\u2019aide de la communaut\u00e9 qui m\u2019a accueillie. Je me suis appuy\u00e9e sur leur r\u00e9seau d\u2019entraide pour faire remonter la sculpture vers l\u2019Occident. De la mobylette au pickup jusqu\u2019au petit camion, Nelc\u2019hla aura travers\u00e9 les montagnes de l\u2019Atlas, embarqu\u00e9 dans un navire et franchi les Pyr\u00e9n\u00e9es jusqu\u2019en Bourgogne o\u00f9 j\u2019habite.<br \/>\nPar l\u2019extraction de Nelc\u2019hla de son milieu naturel, je l\u2019expose \u00e0 l\u2019exil, je l\u2019am\u00e8ne \u00e0 faire irruption dans un nouvel environnement \u00e9cologique et social.<br \/>\nLe projet Nelc\u2019hla est constitu\u00e9 d\u2019une sculpture d\u2019une dimension de 133 x 30 x 102 cm.[\/et_pb_text][\/et_pb_column][\/et_pb_row][\/et_pb_section]<\/p>\n","protected":false},"excerpt":{"rendered":"<p>Sensibilis\u00e9e \u00e0 la d\u00e9tresse hydrique de la vall\u00e9e du Draa au Maroc, j\u2019ai d\u00e9cid\u00e9 d\u2019installer en ce d\u00e9but d\u2019ann\u00e9e 2022 un atelier \u00e9ph\u00e9m\u00e8re dans la palmeraie d\u2019Amezrou. Mon objectif a \u00e9t\u00e9 de saisir l\u2019esprit du lieu d\u2019une mani\u00e8re sensible et po\u00e9tique \u00e0 travers la mati\u00e8re v\u00e9cue par une immersion de longue dur\u00e9e au milieu des [&hellip;]<\/p>\n","protected":false},"author":1,"featured_media":0,"parent":0,"menu_order":0,"comment_status":"closed","ping_status":"closed","template":"","meta":{"_et_pb_use_builder":"on","_et_pb_old_content":"","_et_gb_content_width":""},"_links":{"self":[{"href":"https:\/\/valerieedern.com\/index.php\/wp-json\/wp\/v2\/pages\/1369"}],"collection":[{"href":"https:\/\/valerieedern.com\/index.php\/wp-json\/wp\/v2\/pages"}],"about":[{"href":"https:\/\/valerieedern.com\/index.php\/wp-json\/wp\/v2\/types\/page"}],"author":[{"embeddable":true,"href":"https:\/\/valerieedern.com\/index.php\/wp-json\/wp\/v2\/users\/1"}],"replies":[{"embeddable":true,"href":"https:\/\/valerieedern.com\/index.php\/wp-json\/wp\/v2\/comments?post=1369"}],"version-history":[{"count":10,"href":"https:\/\/valerieedern.com\/index.php\/wp-json\/wp\/v2\/pages\/1369\/revisions"}],"predecessor-version":[{"id":1725,"href":"https:\/\/valerieedern.com\/index.php\/wp-json\/wp\/v2\/pages\/1369\/revisions\/1725"}],"wp:attachment":[{"href":"https:\/\/valerieedern.com\/index.php\/wp-json\/wp\/v2\/media?parent=1369"}],"curies":[{"name":"wp","href":"https:\/\/api.w.org\/{rel}","templated":true}]}}